{"id":1339,"date":"2018-09-21T22:21:00","date_gmt":"2018-09-22T02:21:00","guid":{"rendered":"http:\/\/dev.robo-crc.ca\/evenements\/"},"modified":"2024-09-16T01:53:08","modified_gmt":"2024-09-16T05:53:08","slug":"evenements","status":"publish","type":"page","link":"https:\/\/robo-crc.ca\/fr\/evenements\/","title":{"rendered":"\u00c9v\u00e9nements \u00e0 venir"},"content":{"rendered":"<p>[et_pb_section fb_built=&#8221;1&#8243; fullwidth=&#8221;on&#8221; admin_label=&#8221;Page Header&#8221; _builder_version=&#8221;4.16&#8243; background_color=&#8221;#000000&#8243; global_colors_info=&#8221;{}&#8221;][et_pb_fullwidth_header title=&#8221;\u00c9v\u00e8nements \u00e0 venir&#8221; text_orientation=&#8221;center&#8221; admin_label=&#8221;%22About%22&#8243; _builder_version=&#8221;4.16&#8243; title_font=&#8221;|700|||||||&#8221; title_text_align=&#8221;center&#8221; title_font_size=&#8221;70px&#8221; title_line_height=&#8221;1.4em&#8221; content_font_size=&#8221;22px&#8221; content_line_height=&#8221;1.8em&#8221; subhead_font=&#8221;||||&#8221; background_color=&#8221;rgba(255,255,255,0)&#8221; use_background_color_gradient=&#8221;on&#8221; background_color_gradient_stops=&#8221;#4895c5 0%|rgba(72,149,197,0.5) 100%&#8221; background_color_gradient_start=&#8221;#4895c5&#8243; background_color_gradient_end=&#8221;rgba(72,149,197,0.5)&#8221; custom_button_one=&#8221;on&#8221; button_one_text_size=&#8221;16px&#8221; button_one_bg_color=&#8221;#6eba01&#8243; button_one_border_width=&#8221;2px&#8221; button_one_border_color=&#8221;#6eba01&#8243; button_one_border_radius=&#8221;0&#8243; button_one_letter_spacing=&#8221;2&#8243; button_one_font=&#8221;Montserrat|||on|&#8221; button_one_use_icon=&#8221;off&#8221; custom_button_two=&#8221;on&#8221; button_two_text_size=&#8221;16px&#8221; button_two_border_width=&#8221;2px&#8221; button_two_border_color=&#8221;#ffffff&#8221; button_two_border_radius=&#8221;0&#8243; button_two_letter_spacing=&#8221;2&#8243; button_two_font=&#8221;Montserrat|||on|&#8221; button_two_use_icon=&#8221;off&#8221; module_alignment=&#8221;left&#8221; animation_style=&#8221;fade&#8221; button_one_text_color_hover=&#8221;#6eba01&#8243; button_two_text_color_hover=&#8221;#6eba01&#8243; button_one_border_color_hover=&#8221;#ffffff&#8221; button_two_border_color_hover=&#8221;#ffffff&#8221; button_one_border_radius_hover=&#8221;0&#8243; button_two_border_radius_hover=&#8221;0&#8243; button_one_letter_spacing_hover=&#8221;2&#8243; button_two_letter_spacing_hover=&#8221;2&#8243; button_one_bg_color_hover=&#8221;#ffffff&#8221; button_two_bg_color_hover=&#8221;#ffffff&#8221; global_colors_info=&#8221;{}&#8221; button_one_text_size__hover_enabled=&#8221;off&#8221; button_two_text_size__hover_enabled=&#8221;off&#8221; button_one_text_color__hover_enabled=&#8221;on&#8221; button_one_text_color__hover=&#8221;#6eba01&#8243; button_two_text_color__hover_enabled=&#8221;on&#8221; button_two_text_color__hover=&#8221;#6eba01&#8243; button_one_border_width__hover_enabled=&#8221;off&#8221; button_two_border_width__hover_enabled=&#8221;off&#8221; button_one_border_color__hover_enabled=&#8221;on&#8221; button_one_border_color__hover=&#8221;#ffffff&#8221; button_two_border_color__hover_enabled=&#8221;on&#8221; button_two_border_color__hover=&#8221;#ffffff&#8221; button_one_border_radius__hover_enabled=&#8221;on&#8221; button_one_border_radius__hover=&#8221;0&#8243; button_two_border_radius__hover_enabled=&#8221;on&#8221; button_two_border_radius__hover=&#8221;0&#8243; button_one_letter_spacing__hover_enabled=&#8221;on&#8221; button_one_letter_spacing__hover=&#8221;2&#8243; button_two_letter_spacing__hover_enabled=&#8221;on&#8221; button_two_letter_spacing__hover=&#8221;2&#8243; button_one_bg_color__hover_enabled=&#8221;on&#8221; button_one_bg_color__hover=&#8221;#ffffff&#8221; button_two_bg_color__hover_enabled=&#8221;on&#8221; button_two_bg_color__hover=&#8221;#ffffff&#8221;]<span style=\"font-size: xx-large;\">Joignez-vous \u00e0 nous pour ces occasions sp\u00e9ciales!<\/span><br \/>\n[\/et_pb_fullwidth_header][\/et_pb_section][et_pb_section fb_built=&#8221;1&#8243; fullwidth=&#8221;on&#8221; _builder_version=&#8221;4.16&#8243; global_colors_info=&#8221;{}&#8221;][et_pb_fullwidth_header title=&#8221;Lancement TAKTIK 2025&#8243; subhead=&#8221;le lundi 28 octobre 2024&#8243; button_one_text=&#8221;Communiquez avec nous pour plus d&#8217;informations!&#8221; button_one_url=&#8221;\/#contact_en&#8221; _builder_version=&#8221;4.16&#8243; subhead_font=&#8221;||on||||||&#8221; background_color=&#8221;rgba(0,0,0,0.65)&#8221; background_image=&#8221;\/\/new.robo-crc.ca\/wp-content\/uploads\/2020\/10\/Contest-159-of-267.jpg&#8221; background_blend=&#8221;darken&#8221; custom_button_one=&#8221;on&#8221; button_one_text_size=&#8221;14px&#8221; button_one_font=&#8221;||||||||&#8221; animation_style=&#8221;fade&#8221; button_one_text_size_tablet=&#8221;&#8221; button_one_text_size_phone=&#8221;&#8221; button_one_text_size_last_edited=&#8221;on|desktop&#8221; saved_tabs=&#8221;all&#8221; global_colors_info=&#8221;{}&#8221; button_one_text_size__hover_enabled=&#8221;off&#8221; button_two_text_size__hover_enabled=&#8221;off&#8221; button_one_text_color__hover_enabled=&#8221;off&#8221; button_two_text_color__hover_enabled=&#8221;off&#8221; button_one_border_width__hover_enabled=&#8221;off&#8221; button_two_border_width__hover_enabled=&#8221;off&#8221; button_one_border_color__hover_enabled=&#8221;off&#8221; button_two_border_color__hover_enabled=&#8221;off&#8221; button_one_border_radius__hover_enabled=&#8221;off&#8221; button_two_border_radius__hover_enabled=&#8221;off&#8221; button_one_letter_spacing__hover_enabled=&#8221;off&#8221; button_two_letter_spacing__hover_enabled=&#8221;off&#8221; button_one_bg_color__hover_enabled=&#8221;off&#8221; button_two_bg_color__hover_enabled=&#8221;off&#8221;]<\/p>\n<p>Une soir\u00e9e qui r\u00e9unira toutes les \u00e9coles qui participeront \u00e0 la comp\u00e9tition TAKTIK 2025. Le terrain y sera r\u00e9v\u00e9l\u00e9 pour la premi\u00e8re fois et le jeu y sera annonc\u00e9. Notre fa\u00e7on de lancer la saison \u00e0 la mani\u00e8re CRC!<\/p>\n<p>[\/et_pb_fullwidth_header][et_pb_fullwidth_header title=&#8221;Comp\u00e9tition TAKTIK 2025&#8243; subhead=&#8221;le mercredi 19 fevrier 2025 &#8211; le samedi 22 fevrier 2025&#8243; button_one_url=&#8221;\/fr\/vertigoal-2019\/&#8221; _builder_version=&#8221;4.16&#8243; title_font=&#8221;||||||||&#8221; content_font=&#8221;||||||||&#8221; subhead_font=&#8221;||on||||||&#8221; background_color=&#8221;rgba(0,0,0,0.65)&#8221; background_image=&#8221;\/\/new.robo-crc.ca\/wp-content\/uploads\/2020\/10\/Contest-216-of-267.jpg&#8221; background_blend=&#8221;darken&#8221; custom_button_one=&#8221;on&#8221; button_one_text_size=&#8221;14px&#8221; button_one_font=&#8221;||||||||&#8221; animation_style=&#8221;fade&#8221; button_one_text_size_tablet=&#8221;&#8221; button_one_text_size_phone=&#8221;&#8221; button_one_text_size_last_edited=&#8221;on|desktop&#8221; global_colors_info=&#8221;{}&#8221; button_one_text_size__hover_enabled=&#8221;off&#8221; button_two_text_size__hover_enabled=&#8221;off&#8221; button_one_text_color__hover_enabled=&#8221;off&#8221; button_two_text_color__hover_enabled=&#8221;off&#8221; button_one_border_width__hover_enabled=&#8221;off&#8221; button_two_border_width__hover_enabled=&#8221;off&#8221; button_one_border_color__hover_enabled=&#8221;off&#8221; button_two_border_color__hover_enabled=&#8221;off&#8221; button_one_border_radius__hover_enabled=&#8221;off&#8221; button_two_border_radius__hover_enabled=&#8221;off&#8221; button_one_letter_spacing__hover_enabled=&#8221;off&#8221; button_two_letter_spacing__hover_enabled=&#8221;off&#8221; button_one_bg_color__hover_enabled=&#8221;off&#8221; button_two_bg_color__hover_enabled=&#8221;off&#8221;]<\/p>\n<p>TAKTIK 2025 est une comp\u00e9tition pluridisciplinaire excitante qui arrime robotique, langues, art et multim\u00e9dia! Des \u00e9coles secondaires et des C\u00c9GEPs d&#8217;un bout \u00e0 l&#8217;autre du Canada s&#8217;affronteront dans notre division s\u00e9nior! Notre division junior verra des \u00e9coles primaires de tout le Qu\u00e9bec s&#8217;affronter dans des d\u00e9fis qui donnent vie \u00e0 la robotique!<\/p>\n<p>[\/et_pb_fullwidth_header][\/et_pb_section][et_pb_section fb_built=&#8221;1&#8243; fullwidth=&#8221;on&#8221; _builder_version=&#8221;4.16&#8243; global_colors_info=&#8221;{}&#8221;][et_pb_fullwidth_header title=&#8221;\u00c9v\u00e9nements ant\u00e9rieurs&#8221; button_one_text=&#8221;En savoir plus&#8221; button_one_url=&#8221;\/fr\/evenements-anterieurs\/&#8221; _builder_version=&#8221;4.16&#8243; background_color=&#8221;#235aa4&#8243; custom_button_one=&#8221;on&#8221; button_one_text_size=&#8221;20px&#8221; button_one_font=&#8221;||||||||&#8221; global_colors_info=&#8221;{}&#8221; button_one_text_size__hover_enabled=&#8221;off&#8221; button_two_text_size__hover_enabled=&#8221;off&#8221; button_one_text_color__hover_enabled=&#8221;off&#8221; button_two_text_color__hover_enabled=&#8221;off&#8221; button_one_border_width__hover_enabled=&#8221;off&#8221; button_two_border_width__hover_enabled=&#8221;off&#8221; button_one_border_color__hover_enabled=&#8221;off&#8221; button_two_border_color__hover_enabled=&#8221;off&#8221; button_one_border_radius__hover_enabled=&#8221;off&#8221; button_two_border_radius__hover_enabled=&#8221;off&#8221; button_one_letter_spacing__hover_enabled=&#8221;off&#8221; button_two_letter_spacing__hover_enabled=&#8221;off&#8221; button_one_bg_color__hover_enabled=&#8221;off&#8221; button_two_bg_color__hover_enabled=&#8221;off&#8221;][\/et_pb_fullwidth_header][\/et_pb_section]<\/p>\n","protected":false},"excerpt":{"rendered":"<p>Joignez-vous \u00e0 nous pour ces occasions sp\u00e9ciales! Une soir\u00e9e qui r\u00e9unira toutes les \u00e9coles qui participeront \u00e0 la comp\u00e9tition TAKTIK 2025. Le terrain y sera r\u00e9v\u00e9l\u00e9 pour la premi\u00e8re fois et le jeu y sera annonc\u00e9. Notre fa\u00e7on de lancer la saison \u00e0 la mani\u00e8re CRC!TAKTIK 2025 est une comp\u00e9tition pluridisciplinaire excitante qui arrime robotique, [&hellip;]<\/p>\n","protected":false},"author":3,"featured_media":0,"parent":0,"menu_order":0,"comment_status":"closed","ping_status":"closed","template":"","meta":{"_et_pb_use_builder":"on","_et_pb_old_content":"","_et_gb_content_width":"","_monsterinsights_skip_tracking":false,"_monsterinsights_sitenote_active":false,"_monsterinsights_sitenote_note":"","_monsterinsights_sitenote_category":0,"footnotes":""},"class_list":["post-1339","page","type-page","status-publish","hentry"],"_links":{"self":[{"href":"https:\/\/robo-crc.ca\/fr\/wp-json\/wp\/v2\/pages\/1339","targetHints":{"allow":["GET"]}}],"collection":[{"href":"https:\/\/robo-crc.ca\/fr\/wp-json\/wp\/v2\/pages"}],"about":[{"href":"https:\/\/robo-crc.ca\/fr\/wp-json\/wp\/v2\/types\/page"}],"author":[{"embeddable":true,"href":"https:\/\/robo-crc.ca\/fr\/wp-json\/wp\/v2\/users\/3"}],"replies":[{"embeddable":true,"href":"https:\/\/robo-crc.ca\/fr\/wp-json\/wp\/v2\/comments?post=1339"}],"version-history":[{"count":0,"href":"https:\/\/robo-crc.ca\/fr\/wp-json\/wp\/v2\/pages\/1339\/revisions"}],"wp:attachment":[{"href":"https:\/\/robo-crc.ca\/fr\/wp-json\/wp\/v2\/media?parent=1339"}],"curies":[{"name":"wp","href":"https:\/\/api.w.org\/{rel}","templated":true}]}}